{"id":3629,"date":"2022-01-02T23:18:42","date_gmt":"2022-01-02T22:18:42","guid":{"rendered":"https:\/\/fototekaslaska.pl\/kategorie\/"},"modified":"2022-03-17T11:40:32","modified_gmt":"2022-03-17T10:40:32","slug":"kategorie","status":"publish","type":"page","link":"https:\/\/fototekaslaska.pl\/de\/kategorie\/","title":{"rendered":"Kategorien"},"content":{"rendered":"\n<\/div>\n\n\n<section class=\"section-search\">\n  <div class=\"container-fluid\">   \n    <form class=\"photo-search\" role=\"search\" method=\"get\" id=\"searchform\" action=\"https:\/\/fototekaslaska.pl\/de\/\">\n      <div class=\"photo-search-input\">\n        <input type=\"text\" value=\"\" name=\"s\" id=\"s\" class=\"photo-search-photo\" placeholder=\"Foto finden\" \/>\n        <div class=\"photo-search-options\">\n          <input type=\"submit\" id=\"searchsubmit\" class=\"photo-search-sub\" value=\"\" \/>\n          <div class=\"photo-search-title-container\">\n            <select class=\"photo-search-title\" name=\"t\" id=\"t\">\n              <option value=\"title\">Titel<\/option>\n              <option value=\"place\">Stadt<\/option>\n              <option value=\"district\">Bezirk<\/option>\n              <option value=\"description\">Opis<\/option>\n              <option value=\"catalog_n\">Katalog-Nr.<\/option>\n            <\/select>\n          <\/div>\n          <div class=\"photo-search-year-container\">\n            <select class=\"photo-search-year\" name=\"y\" id=\"y\">\n              <option value=\"\">Zeitraum<\/option>\n              <option value=\"do1900\">bis 1900<\/option>\n              <option value=\"1900-1918\">bis 1900<\/option>\n              <option value=\"1918-1939\">1918 &#8211; 1939<\/option>\n              <option value=\"1939-1945\">1939 &#8211; 1945<\/option>\n            <\/select>\n          <\/div>\n        <\/div>\n      <\/div>\n      <div class=\"photo-search-adds\">\n        <div class=\"photo-search-info\">\n          Suche nach: Titel, Stadt, Kreis, Beschreibung        <\/div>\n        <div class=\"photo-search-count\">\n          Anzahl der Fotos: 2646        <\/div>\n      <\/div>\n    <\/form>\n  <\/div>\n<\/section>\n\n\n<div class=\"container-fluid\">\n\n\n\n<\/div>\n\n\n<section class=\"section-recently-added\">\n\t<div class=\"container-fluid\">\n\t\t\t\t\t<h3>Odkryj ostatnio dodane zdj\u0119cia<\/h3>\n\t\t\t\t\t\t\t<div class=\"row\">\n                              <div class=\"col-12 col-sm-6 col-md-3 gallery-listing-single\">\n              <a href=\"https:\/\/fototekaslaska.pl\/de\/galerie\/rowerzysci-11\/\">\n\t\t\t\t\t\t\t\t<div class=\"gallery-listing-img\">\n\t\t\t\t\t\t\t\t\t\t\t\t\t\t\t\t\t\t\t<img class=\"lazy\" data-src=\"https:\/\/fototekaslaska.pl\/wp-content\/uploads\/2025\/12\/02663.jpg\" title=\"\" alt=\"\" \/>\n\t\t\t\t\t\t\t\t\t\t\t\t\t\t\t\t\t<\/div>\n                <div class=\"gallery-listing-details\">\n\t\t\t\t\t\t\t\t\tErnestinenberg \/ 1944\t\t\t\t\t\t\t\t<\/div>\n              <\/a>\n            <\/div>\n                              <div class=\"col-12 col-sm-6 col-md-3 gallery-listing-single\">\n              <a href=\"https:\/\/fototekaslaska.pl\/de\/galerie\/zbior-burakow\/\">\n\t\t\t\t\t\t\t\t<div class=\"gallery-listing-img\">\n\t\t\t\t\t\t\t\t\t\t\t\t\t\t\t\t\t\t\t<img class=\"lazy\" data-src=\"https:\/\/fototekaslaska.pl\/wp-content\/uploads\/2025\/12\/02662.jpg\" title=\"\" alt=\"\" \/>\n\t\t\t\t\t\t\t\t\t\t\t\t\t\t\t\t\t<\/div>\n                <div class=\"gallery-listing-details\">\n\t\t\t\t\t\t\t\t\tErnestinenberg \/ Anfang der 1930er Jahre des 20. Jahrhunderts\t\t\t\t\t\t\t\t<\/div>\n              <\/a>\n            <\/div>\n                              <div class=\"col-12 col-sm-6 col-md-3 gallery-listing-single\">\n              <a href=\"https:\/\/fototekaslaska.pl\/de\/galerie\/dom-11\/\">\n\t\t\t\t\t\t\t\t<div class=\"gallery-listing-img\">\n\t\t\t\t\t\t\t\t\t\t\t\t\t\t\t\t\t\t\t<img class=\"lazy\" data-src=\"https:\/\/fototekaslaska.pl\/wp-content\/uploads\/2025\/12\/02661.jpg\" title=\"\" alt=\"\" \/>\n\t\t\t\t\t\t\t\t\t\t\t\t\t\t\t\t\t<\/div>\n                <div class=\"gallery-listing-details\">\n\t\t\t\t\t\t\t\t\tErnestinenberg \/ 1944\t\t\t\t\t\t\t\t<\/div>\n              <\/a>\n            <\/div>\n                              <div class=\"col-12 col-sm-6 col-md-3 gallery-listing-single\">\n              <a href=\"https:\/\/fototekaslaska.pl\/de\/galerie\/dzieci-przed-domem\/\">\n\t\t\t\t\t\t\t\t<div class=\"gallery-listing-img\">\n\t\t\t\t\t\t\t\t\t\t\t\t\t\t\t\t\t\t\t<img class=\"lazy\" data-src=\"https:\/\/fototekaslaska.pl\/wp-content\/uploads\/2025\/12\/02660.jpg\" title=\"\" alt=\"\" \/>\n\t\t\t\t\t\t\t\t\t\t\t\t\t\t\t\t\t<\/div>\n                <div class=\"gallery-listing-details\">\n\t\t\t\t\t\t\t\t\tErnestinenberg \/ 1941\t\t\t\t\t\t\t\t<\/div>\n              <\/a>\n            <\/div>\n        \t\t\t<\/div>\n\t\t    \t<\/div>\n<\/section>\n\n\n<div class=\"container-fluid\">\n\n\n\r\n<\/div>\r\n\r\n<section class=\"section-categories-list\">\r\n\t<div class=\"container-fluid\">\r\n\r\n  <ul class=\"category-list\">\r\n    \t<li class=\"cat-item cat-item-166\"><a href=\"https:\/\/fototekaslaska.pl\/de\/abteilung\/dorfbewohner\/\">DORFBEWOHNER<\/a> (1.975)\n<ul class='children'>\n\t<li class=\"cat-item cat-item-173\"><a href=\"https:\/\/fototekaslaska.pl\/de\/abteilung\/andere-arbeitsbereiche-der-dorfbewohne\/\">ANDERE ARBEITSBEREICHE DER DORFBEWOHNE<\/a> (101)\n\t<ul class='children'>\n\t<li class=\"cat-item cat-item-186\"><a href=\"https:\/\/fototekaslaska.pl\/de\/abteilung\/industrie\/\">Industrie<\/a> (28)\n\t\t<ul class='children'>\n\t<li class=\"cat-item cat-item-187\"><a href=\"https:\/\/fototekaslaska.pl\/de\/abteilung\/in-der-ziegelsteinfabrik\/\">In der Ziegelsteinfabrik<\/a> (14)\n<\/li>\n\t<li class=\"cat-item cat-item-191\"><a href=\"https:\/\/fototekaslaska.pl\/de\/abteilung\/in-anderen-betrieben-und-fabriken\/\">In anderen Betrieben und Fabriken<\/a> (10)\n<\/li>\n\t<li class=\"cat-item cat-item-190\"><a href=\"https:\/\/fototekaslaska.pl\/de\/abteilung\/im-saegewerk\/\">Im S\u00e4gewerk<\/a> (3)\n<\/li>\n\t<li class=\"cat-item cat-item-189\"><a href=\"https:\/\/fototekaslaska.pl\/de\/abteilung\/in-der-huette\/\">In der H\u00fctte<\/a> (1)\n<\/li>\n\t<li class=\"cat-item cat-item-188\"><a href=\"https:\/\/fototekaslaska.pl\/de\/abteilung\/in-der-brauerei-und-schnapsbrennerei\/\">In der Brauerei und Schnapsbrennerei<\/a> (0)\n<\/li>\n\t\t<\/ul>\n<\/li>\n\t<li class=\"cat-item cat-item-193\"><a href=\"https:\/\/fototekaslaska.pl\/de\/abteilung\/andere-de-5\/\">Andere<\/a> (2)\n<\/li>\n\t<li class=\"cat-item cat-item-192\"><a href=\"https:\/\/fototekaslaska.pl\/de\/abteilung\/foersterei\/\">F\u00f6rsterei<\/a> (13)\n<\/li>\n\t<li class=\"cat-item cat-item-174\"><a href=\"https:\/\/fototekaslaska.pl\/de\/abteilung\/handwerksbetrieb\/\">Handwerksbetrieb<\/a> (58)\n\t\t<ul class='children'>\n\t<li class=\"cat-item cat-item-184\"><a href=\"https:\/\/fototekaslaska.pl\/de\/abteilung\/maurer\/\">Maurer<\/a> (13)\n<\/li>\n\t<li class=\"cat-item cat-item-183\"><a href=\"https:\/\/fototekaslaska.pl\/de\/abteilung\/schneider\/\">Schneider<\/a> (11)\n<\/li>\n\t<li class=\"cat-item cat-item-182\"><a href=\"https:\/\/fototekaslaska.pl\/de\/abteilung\/boettcher\/\">B\u00f6ttcher<\/a> (0)\n<\/li>\n\t<li class=\"cat-item cat-item-181\"><a href=\"https:\/\/fototekaslaska.pl\/de\/abteilung\/stellmacher\/\">Stellmacher<\/a> (2)\n<\/li>\n\t<li class=\"cat-item cat-item-180\"><a href=\"https:\/\/fototekaslaska.pl\/de\/abteilung\/tischler-und-zimmerleute\/\">Tischler und Zimmerleute<\/a> (17)\n<\/li>\n\t<li class=\"cat-item cat-item-179\"><a href=\"https:\/\/fototekaslaska.pl\/de\/abteilung\/schuster\/\">Schuster<\/a> (2)\n<\/li>\n\t<li class=\"cat-item cat-item-178\"><a href=\"https:\/\/fototekaslaska.pl\/de\/abteilung\/metzger\/\">Metzger<\/a> (3)\n<\/li>\n\t<li class=\"cat-item cat-item-177\"><a href=\"https:\/\/fototekaslaska.pl\/de\/abteilung\/mueller\/\">M\u00fcller<\/a> (0)\n<\/li>\n\t<li class=\"cat-item cat-item-176\"><a href=\"https:\/\/fototekaslaska.pl\/de\/abteilung\/toepfer\/\">T\u00f6pfer<\/a> (0)\n<\/li>\n\t<li class=\"cat-item cat-item-175\"><a href=\"https:\/\/fototekaslaska.pl\/de\/abteilung\/schmiede-de\/\">Schmiede<\/a> (7)\n<\/li>\n\t<li class=\"cat-item cat-item-185\"><a href=\"https:\/\/fototekaslaska.pl\/de\/abteilung\/andere-de-4\/\">Andere<\/a> (14)\n<\/li>\n\t\t<\/ul>\n<\/li>\n\t<\/ul>\n<\/li>\n\t<li class=\"cat-item cat-item-167\"><a href=\"https:\/\/fototekaslaska.pl\/de\/abteilung\/auf-dem-bauernhof\/\">AUF DEM BAUERNHOF<\/a> (115)\n\t<ul class='children'>\n\t<li class=\"cat-item cat-item-172\"><a href=\"https:\/\/fototekaslaska.pl\/de\/abteilung\/hausarbeiten\/\">Hausarbeiten<\/a> (16)\n<\/li>\n\t<li class=\"cat-item cat-item-171\"><a href=\"https:\/\/fototekaslaska.pl\/de\/abteilung\/hofarbeit\/\">Hofarbeit<\/a> (4)\n<\/li>\n\t<li class=\"cat-item cat-item-170\"><a href=\"https:\/\/fototekaslaska.pl\/de\/abteilung\/jaeger-sammler-und-fischer\/\">J\u00e4ger, Sammler und Fischer<\/a> (7)\n<\/li>\n\t<li class=\"cat-item cat-item-169\"><a href=\"https:\/\/fototekaslaska.pl\/de\/abteilung\/tierzucht\/\">Tierzucht<\/a> (34)\n<\/li>\n\t<li class=\"cat-item cat-item-168\"><a href=\"https:\/\/fototekaslaska.pl\/de\/abteilung\/auf-dem-feld\/\">Auf dem Feld<\/a> (54)\n<\/li>\n\t<\/ul>\n<\/li>\n\t<li class=\"cat-item cat-item-203\"><a href=\"https:\/\/fototekaslaska.pl\/de\/abteilung\/das-geistliche-leben\/\">DAS GEISTLICHE LEBEN<\/a> (507)\n\t<ul class='children'>\n\t<li class=\"cat-item cat-item-207\"><a href=\"https:\/\/fototekaslaska.pl\/de\/abteilung\/kirche-und-religion\/\">Kirche und Religion<\/a> (89)\n\t\t<ul class='children'>\n\t<li class=\"cat-item cat-item-209\"><a href=\"https:\/\/fototekaslaska.pl\/de\/abteilung\/pilgerfahrten-und-gedenkorte\/\">Pilgerfahrten und Gedenkorte<\/a> (33)\n<\/li>\n\t<li class=\"cat-item cat-item-208\"><a href=\"https:\/\/fototekaslaska.pl\/de\/abteilung\/kirchliche-feste-und-feiertage\/\">Kirchliche Feste- und Feiertage<\/a> (23)\n<\/li>\n\t\t<\/ul>\n<\/li>\n\t<li class=\"cat-item cat-item-204\"><a href=\"https:\/\/fototekaslaska.pl\/de\/abteilung\/sitten-und-braeuche\/\">Sitten und Br\u00e4uche<\/a> (426)\n\t\t<ul class='children'>\n\t<li class=\"cat-item cat-item-206\"><a href=\"https:\/\/fototekaslaska.pl\/de\/abteilung\/familiaere-braeuche\/\">Famili\u00e4re Br\u00e4uche<\/a> (386)\n<\/li>\n\t<li class=\"cat-item cat-item-205\"><a href=\"https:\/\/fototekaslaska.pl\/de\/abteilung\/jaehrliche-braeuche\/\">J\u00e4hrliche Br\u00e4uche<\/a> (39)\n<\/li>\n\t\t<\/ul>\n<\/li>\n\t<\/ul>\n<\/li>\n\t<li class=\"cat-item cat-item-210\"><a href=\"https:\/\/fototekaslaska.pl\/de\/abteilung\/in-den-trachten\/\">IN DEN TRACHTEN<\/a> (287)\n<\/li>\n\t<li class=\"cat-item cat-item-211\"><a href=\"https:\/\/fototekaslaska.pl\/de\/abteilung\/portraet\/\">PORTR\u00c4T<\/a> (782)\n\t<ul class='children'>\n\t<li class=\"cat-item cat-item-212\"><a href=\"https:\/\/fototekaslaska.pl\/de\/abteilung\/beim-fotograph\/\">Beim Fotograph<\/a> (195)\n<\/li>\n\t<li class=\"cat-item cat-item-213\"><a href=\"https:\/\/fototekaslaska.pl\/de\/abteilung\/als-andenken\/\">&quot;Als Andenken&quot;<\/a> (598)\n<\/li>\n\t<\/ul>\n<\/li>\n\t<li class=\"cat-item cat-item-194\"><a href=\"https:\/\/fototekaslaska.pl\/de\/abteilung\/das-gesellschaftliche-leben\/\">DAS GESELLSCHAFTLICHE LEBEN<\/a> (439)\n\t<ul class='children'>\n\t<li class=\"cat-item cat-item-202\"><a href=\"https:\/\/fototekaslaska.pl\/de\/abteilung\/andere-de-6\/\">Andere<\/a> (15)\n<\/li>\n\t<li class=\"cat-item cat-item-201\"><a href=\"https:\/\/fototekaslaska.pl\/de\/abteilung\/das-hoefische-leben\/\">Das h\u00f6fische Leben<\/a> (2)\n<\/li>\n\t<li class=\"cat-item cat-item-200\"><a href=\"https:\/\/fototekaslaska.pl\/de\/abteilung\/freizeit-und-unterhaltung\/\">Freizeit und Unterhaltung<\/a> (82)\n<\/li>\n\t<li class=\"cat-item cat-item-199\"><a href=\"https:\/\/fototekaslaska.pl\/de\/abteilung\/in-den-sozial-kulturellen-nationalen-organisationen\/\">In den sozial- kulturellen, nationalen Organisationen<\/a> (9)\n<\/li>\n\t<li class=\"cat-item cat-item-198\"><a href=\"https:\/\/fototekaslaska.pl\/de\/abteilung\/bei-der-feuerwehr\/\">Bei der Feuerwehr<\/a> (14)\n<\/li>\n\t<li class=\"cat-item cat-item-197\"><a href=\"https:\/\/fototekaslaska.pl\/de\/abteilung\/beim-militaerdienst\/\">Beim Milit\u00e4rdienst<\/a> (235)\n<\/li>\n\t<li class=\"cat-item cat-item-196\"><a href=\"https:\/\/fototekaslaska.pl\/de\/abteilung\/im-amt\/\" title=\"&nbsp;&nbsp;TRANSLATE with  x  EnglishArabicHebrewPolishBulgarianHindiPortugueseCatalanHmong DawRomanianChinese SimplifiedHungarianRussianChinese TraditionalIndonesianSlovakCzechItalianSlovenianDanishJapaneseSpanishDutchKlingonSwedishEnglishKoreanThaiEstonianLatvianTurkishFinnishLithuanianUkrainianFrenchMalayUrduGermanMalteseVietnameseGreekNorwegianWelshHaitian CreolePersian var LanguageMenu; var LanguageMenu_keys=[&quot;ar&quot;,&quot;bg&quot;,&quot;ca&quot;,&quot;zh-CHS&quot;,&quot;zh-CHT&quot;,&quot;cs&quot;,&quot;da&quot;,&quot;nl&quot;,&quot;en&quot;,&quot;et&quot;,&quot;fi&quot;,&quot;fr&quot;,&quot;de&quot;,&quot;el&quot;,&quot;ht&quot;,&quot;he&quot;,&quot;hi&quot;,&quot;mww&quot;,&quot;hu&quot;,&quot;id&quot;,&quot;it&quot;,&quot;ja&quot;,&quot;tlh&quot;,&quot;ko&quot;,&quot;lv&quot;,&quot;lt&quot;,&quot;ms&quot;,&quot;mt&quot;,&quot;no&quot;,&quot;fa&quot;,&quot;pl&quot;,&quot;pt&quot;,&quot;ro&quot;,&quot;ru&quot;,&quot;sk&quot;,&quot;sl&quot;,&quot;es&quot;,&quot;sv&quot;,&quot;th&quot;,&quot;tr&quot;,&quot;uk&quot;,&quot;ur&quot;,&quot;vi&quot;,&quot;cy&quot;]; var LanguageMenu_values=[&quot;Arabic&quot;,&quot;Bulgarian&quot;,&quot;Catalan&quot;,&quot;Chinese Simplified&quot;,&quot;Chinese Traditional&quot;,&quot;Czech&quot;,&quot;Danish&quot;,&quot;Dutch&quot;,&quot;English&quot;,&quot;Estonian&quot;,&quot;Finnish&quot;,&quot;French&quot;,&quot;German&quot;,&quot;Greek&quot;,&quot;Haitian Creole&quot;,&quot;Hebrew&quot;,&quot;Hindi&quot;,&quot;Hmong Daw&quot;,&quot;Hungarian&quot;,&quot;Indonesian&quot;,&quot;Italian&quot;,&quot;Japanese&quot;,&quot;Klingon&quot;,&quot;Korean&quot;,&quot;Latvian&quot;,&quot;Lithuanian&quot;,&quot;Malay&quot;,&quot;Maltese&quot;,&quot;Norwegian&quot;,&quot;Persian&quot;,&quot;Polish&quot;,&quot;Portuguese&quot;,&quot;Romanian&quot;,&quot;Russian&quot;,&quot;Slovak&quot;,&quot;Slovenian&quot;,&quot;Spanish&quot;,&quot;Swedish&quot;,&quot;Thai&quot;,&quot;Turkish&quot;,&quot;Ukrainian&quot;,&quot;Urdu&quot;,&quot;Vietnamese&quot;,&quot;Welsh&quot;]; var LanguageMenu_callback=function(){ }; var LanguageMenu_popupid=&#039;__LanguageMenu_popup&#039;;       TRANSLATE with  COPY THE URL BELOW  &lt;!--a id=&quot;TwitterLink&quot; title=&quot;Share on Twitter&quot;&gt;   &lt;\/a--&gt;     Back  EMBED THE SNIPPET BELOW IN YOUR SITE  Enable collaborative features and customize widget: Bing Webmaster PortalBack var intervalId = setInterval(function () { if (MtPopUpList) { LanguageMenu = new MtPopUpList(); var langMenu = document.getElementById(LanguageMenu_popupid); var origLangDiv = document.createElement(&quot;div&quot;); origLangDiv.id = &quot;OriginalLanguageDiv&quot;; origLangDiv.innerHTML = &quot;ORIGINAL: &quot;; langMenu.appendChild(origLangDiv); LanguageMenu.Init(&#039;LanguageMenu&#039;, LanguageMenu_keys, LanguageMenu_values, LanguageMenu_callback, LanguageMenu_popupid); window[&quot;LanguageMenu&quot;] = LanguageMenu; clearInterval(intervalId); } }, 1); \">Im Amt<\/a> (1)\n<\/li>\n\t<li class=\"cat-item cat-item-195\"><a href=\"https:\/\/fototekaslaska.pl\/de\/abteilung\/in-der-schule-und-im-kindergarten\/\">In der Schule und im Kindergarten<\/a> (84)\n<\/li>\n\t<\/ul>\n<\/li>\n<\/ul>\n<\/li>\n\t<li class=\"cat-item cat-item-125\"><a href=\"https:\/\/fototekaslaska.pl\/de\/abteilung\/dorf\/\">DORF<\/a> (745)\n<ul class='children'>\n\t<li class=\"cat-item cat-item-153\"><a href=\"https:\/\/fototekaslaska.pl\/de\/abteilung\/oeffentliche-gebaeude\/\">\u00d6FFENTLICHE GEB\u00c4UDE<\/a> (122)\n\t<ul class='children'>\n\t<li class=\"cat-item cat-item-159\"><a href=\"https:\/\/fototekaslaska.pl\/de\/abteilung\/krankenhaeuser-und-armenhaeuser\/\">Krankenh\u00e4user und Armenh\u00e4user<\/a> (51)\n<\/li>\n\t<li class=\"cat-item cat-item-158\"><a href=\"https:\/\/fototekaslaska.pl\/de\/abteilung\/bahnhoefe\/\">Bahnh\u00f6fe<\/a> (4)\n<\/li>\n\t<li class=\"cat-item cat-item-157\"><a href=\"https:\/\/fototekaslaska.pl\/de\/abteilung\/feuerwehr\/\">Feuerwehr<\/a> (0)\n<\/li>\n\t<li class=\"cat-item cat-item-156\"><a href=\"https:\/\/fototekaslaska.pl\/de\/abteilung\/gaststaetten-und-geschaefte\/\">Gastst\u00e4tten und Gesch\u00e4fte<\/a> (49)\n<\/li>\n\t<li class=\"cat-item cat-item-155\"><a href=\"https:\/\/fototekaslaska.pl\/de\/abteilung\/schulen-und-kindergaerten\/\">Schulen- und Kinderg\u00e4rten<\/a> (15)\n<\/li>\n\t<li class=\"cat-item cat-item-154\"><a href=\"https:\/\/fototekaslaska.pl\/de\/abteilung\/aemter\/\">\u00c4mter<\/a> (1)\n<\/li>\n\t<li class=\"cat-item cat-item-160\"><a href=\"https:\/\/fototekaslaska.pl\/de\/abteilung\/andere-de-3\/\">Andere<\/a> (9)\n<\/li>\n\t<\/ul>\n<\/li>\n\t<li class=\"cat-item cat-item-161\"><a href=\"https:\/\/fototekaslaska.pl\/de\/abteilung\/schloesser-palaeste-hoefe\/\">SCHL\u00d6SSER, PAL\u00c4STE, H\u00d6FE<\/a> (4)\n<\/li>\n\t<li class=\"cat-item cat-item-162\"><a href=\"https:\/\/fototekaslaska.pl\/de\/abteilung\/transport-und-kommunikation\/\">TRANSPORT UND KOMMUNIKATION<\/a> (60)\n\t<ul class='children'>\n\t<li class=\"cat-item cat-item-165\"><a href=\"https:\/\/fototekaslaska.pl\/de\/abteilung\/schifffahrt\/\">Schifffahrt<\/a> (3)\n<\/li>\n\t<li class=\"cat-item cat-item-164\"><a href=\"https:\/\/fototekaslaska.pl\/de\/abteilung\/strassen-bruecken-und-transportmittel\/\">Strassen, Br\u00fccken und Transportmittel<\/a> (51)\n<\/li>\n\t<li class=\"cat-item cat-item-163\"><a href=\"https:\/\/fototekaslaska.pl\/de\/abteilung\/eisenbahn\/\">Eisenbahn<\/a> (9)\n<\/li>\n\t<\/ul>\n<\/li>\n\t<li class=\"cat-item cat-item-129\"><a href=\"https:\/\/fototekaslaska.pl\/de\/abteilung\/bauernhoefe\/\">BAUERNH\u00d6FE<\/a> (327)\n\t<ul class='children'>\n\t<li class=\"cat-item cat-item-133\"><a href=\"https:\/\/fototekaslaska.pl\/de\/abteilung\/wirtschaftsgebaeude\/\">Wirtschaftsgeb\u00e4ude<\/a> (101)\n\t\t<ul class='children'>\n\t<li class=\"cat-item cat-item-134\"><a href=\"https:\/\/fototekaslaska.pl\/de\/abteilung\/stall-und-schweinestall\/\">Stall und Schweinestall<\/a> (3)\n<\/li>\n\t<li class=\"cat-item cat-item-135\"><a href=\"https:\/\/fototekaslaska.pl\/de\/abteilung\/scheune\/\">Scheune<\/a> (49)\n<\/li>\n\t<li class=\"cat-item cat-item-136\"><a href=\"https:\/\/fototekaslaska.pl\/de\/abteilung\/speicher\/\">Speicher<\/a> (29)\n<\/li>\n\t<li class=\"cat-item cat-item-137\"><a href=\"https:\/\/fototekaslaska.pl\/de\/abteilung\/andere\/\">Andere<\/a> (17)\n<\/li>\n\t\t<\/ul>\n<\/li>\n\t<li class=\"cat-item cat-item-130\"><a href=\"https:\/\/fototekaslaska.pl\/de\/abteilung\/wohnhaeuser\/\">Wohnh\u00e4user<\/a> (244)\n\t\t<ul class='children'>\n\t<li class=\"cat-item cat-item-132\"><a href=\"https:\/\/fototekaslaska.pl\/de\/abteilung\/ziegelsteinhaeuser\/\">Ziegelsteinh\u00e4user<\/a> (52)\n<\/li>\n\t<li class=\"cat-item cat-item-131\"><a href=\"https:\/\/fototekaslaska.pl\/de\/abteilung\/holzhaeuser\/\">Holzh\u00e4user<\/a> (192)\n<\/li>\n\t\t<\/ul>\n<\/li>\n\t<\/ul>\n<\/li>\n\t<li class=\"cat-item cat-item-126\"><a href=\"https:\/\/fototekaslaska.pl\/de\/abteilung\/allgemeine-ansichten\/\">ALLGEMEINE ANSICHTEN<\/a> (82)\n\t<ul class='children'>\n\t<li class=\"cat-item cat-item-128\"><a href=\"https:\/\/fototekaslaska.pl\/de\/abteilung\/landschaft-natur\/\">Landschaft\/Natur<\/a> (8)\n<\/li>\n\t<li class=\"cat-item cat-item-127\"><a href=\"https:\/\/fototekaslaska.pl\/de\/abteilung\/gebaeude\/\">Geb\u00e4ude<\/a> (76)\n<\/li>\n\t<\/ul>\n<\/li>\n\t<li class=\"cat-item cat-item-146\"><a href=\"https:\/\/fototekaslaska.pl\/de\/abteilung\/sakralobjekte\/\">SAKRALOBJEKTE<\/a> (161)\n\t<ul class='children'>\n\t<li class=\"cat-item cat-item-152\"><a href=\"https:\/\/fototekaslaska.pl\/de\/abteilung\/andere-de-2\/\">Andere<\/a> (0)\n<\/li>\n\t<li class=\"cat-item cat-item-151\"><a href=\"https:\/\/fototekaslaska.pl\/de\/abteilung\/tuerme-und-glockentuerme\/\">T\u00fcrme- und Glockent\u00fcrme<\/a> (14)\n<\/li>\n\t<li class=\"cat-item cat-item-150\"><a href=\"https:\/\/fototekaslaska.pl\/de\/abteilung\/friedhoefe\/\">Friedh\u00f6fe<\/a> (4)\n<\/li>\n\t<li class=\"cat-item cat-item-147\"><a href=\"https:\/\/fototekaslaska.pl\/de\/abteilung\/kirchen-und-kapellen\/\">Kirchen- und Kapellen<\/a> (148)\n\t\t<ul class='children'>\n\t<li class=\"cat-item cat-item-149\"><a href=\"https:\/\/fototekaslaska.pl\/de\/abteilung\/gemauerte-kirchen\/\">Gemauerte Kirchen<\/a> (37)\n<\/li>\n\t<li class=\"cat-item cat-item-148\"><a href=\"https:\/\/fototekaslaska.pl\/de\/abteilung\/holzkirchen\/\">Holzkirchen<\/a> (110)\n<\/li>\n\t\t<\/ul>\n<\/li>\n\t<\/ul>\n<\/li>\n\t<li class=\"cat-item cat-item-138\"><a href=\"https:\/\/fototekaslaska.pl\/de\/abteilung\/industrie-und-handwerksgebaeude\/\">INDUSTRIE-UND HANDWERKSGEB\u00c4UDE<\/a> (40)\n\t<ul class='children'>\n\t<li class=\"cat-item cat-item-145\"><a href=\"https:\/\/fototekaslaska.pl\/de\/abteilung\/andere-de\/\">Andere<\/a> (6)\n<\/li>\n\t<li class=\"cat-item cat-item-144\"><a href=\"https:\/\/fototekaslaska.pl\/de\/abteilung\/ziegelei\/\">Ziegelei<\/a> (17)\n<\/li>\n\t<li class=\"cat-item cat-item-143\"><a href=\"https:\/\/fototekaslaska.pl\/de\/abteilung\/brauerei-und-schnapsbrennerei\/\">Brauerei und Schnapsbrennerei<\/a> (1)\n<\/li>\n\t<li class=\"cat-item cat-item-142\"><a href=\"https:\/\/fototekaslaska.pl\/de\/abteilung\/saegewerk\/\">S\u00e4gewerk<\/a> (4)\n<\/li>\n\t<li class=\"cat-item cat-item-141\"><a href=\"https:\/\/fototekaslaska.pl\/de\/abteilung\/huette\/\">H\u00fctte<\/a> (1)\n<\/li>\n\t<li class=\"cat-item cat-item-140\"><a href=\"https:\/\/fototekaslaska.pl\/de\/abteilung\/schmiede\/\">Schmiede<\/a> (5)\n<\/li>\n\t<li class=\"cat-item cat-item-139\"><a href=\"https:\/\/fototekaslaska.pl\/de\/abteilung\/muehle-und-windmuehle\/\">M\u00fchle- und Windm\u00fchle<\/a> (8)\n<\/li>\n\t<\/ul>\n<\/li>\n<\/ul>\n<\/li>\n  <\/ul>\r\n  \r\n  <\/div>\r\n<\/section>\r\n\r\n  \r\n<script src=\"https:\/\/code.jquery.com\/jquery-1.11.1.min.js\"><\/script>  \r\n\r\n<!-- <script type=\"text\/javascript\">  \r\n    $(document).ready(function(){  \r\n        $('li.cat-item').click(function () {  \r\n            $('li.cat-item').not(this).find('ul').hide();  \r\n            $(this).find('ul').toggle();  \r\n        });  \r\n     });  \r\n    <\/script> -->\r\n\r\n\r\n<!-- \r\n\r\n\n<li class=\"cat-item-none\">Keine Kategorien<\/li>\n\r\n\n\n -->\r\n\r\n\r\n<div class=\"container-fluid\">","protected":false},"excerpt":{"rendered":"","protected":false},"author":1,"featured_media":0,"parent":0,"menu_order":0,"comment_status":"closed","ping_status":"closed","template":"","meta":{"_acf_changed":false,"footnotes":""},"class_list":["post-3629","page","type-page","status-publish","hentry"],"acf":[],"_links":{"self":[{"href":"https:\/\/fototekaslaska.pl\/de\/wp-json\/wp\/v2\/pages\/3629","targetHints":{"allow":["GET"]}}],"collection":[{"href":"https:\/\/fototekaslaska.pl\/de\/wp-json\/wp\/v2\/pages"}],"about":[{"href":"https:\/\/fototekaslaska.pl\/de\/wp-json\/wp\/v2\/types\/page"}],"author":[{"embeddable":true,"href":"https:\/\/fototekaslaska.pl\/de\/wp-json\/wp\/v2\/users\/1"}],"replies":[{"embeddable":true,"href":"https:\/\/fototekaslaska.pl\/de\/wp-json\/wp\/v2\/comments?post=3629"}],"version-history":[{"count":3,"href":"https:\/\/fototekaslaska.pl\/de\/wp-json\/wp\/v2\/pages\/3629\/revisions"}],"predecessor-version":[{"id":18018,"href":"https:\/\/fototekaslaska.pl\/de\/wp-json\/wp\/v2\/pages\/3629\/revisions\/18018"}],"wp:attachment":[{"href":"https:\/\/fototekaslaska.pl\/de\/wp-json\/wp\/v2\/media?parent=3629"}],"curies":[{"name":"wp","href":"https:\/\/api.w.org\/{rel}","templated":true}]}}