{"id":7162,"date":"2022-02-24T18:51:23","date_gmt":"2022-02-24T17:51:23","guid":{"rendered":"https:\/\/fototekaslaska.pl\/wspieraja-nas\/"},"modified":"2022-03-11T03:09:58","modified_gmt":"2022-03-11T02:09:58","slug":"wspieraja-nas","status":"publish","type":"page","link":"https:\/\/fototekaslaska.pl\/de\/wspieraja-nas\/","title":{"rendered":"Partner"},"content":{"rendered":"\n<p>Wir bedanken uns bei allen Organisationen, Institutionen, Privatpersonen, die bei dem Aufbau der Fotothek geholfen haben und uns auch weiterhin bei dem Ausbau und der Vergr\u00f6sserung unserer Sammlung unterst\u00fctzen.&#13;\n&#13;\n\u00a0&#13;\n&#13;\n\u00a0&#13;\n<div id=\"WidgetFloaterPanels\" class=\"LTRStyle\" style=\"display: none; text-align: left; direction: ltr; visibility: hidden;\" translate=\"no\">&#13;\n<div id=\"WidgetFloater\" style=\"display: none;\">&#13;\n<div id=\"WidgetLogoPanel\"><span id=\"WidgetTranslateWithSpan\">TRANSLATE with <img id=\"FloaterLogo\"\/><\/span> <span id=\"WidgetCloseButton\" title=\"Exit Translation\">x<\/span><\/div>&#13;\n<div id=\"LanguageMenuPanel\">&#13;\n<div class=\"DDStyle_outer\"><input id=\"LanguageMenu_svid\" style=\"display: none;\" autocomplete=\"on\" name=\"LanguageMenu_svid\" type=\"text\" value=\"en\"\/> <input id=\"LanguageMenu_textid\" style=\"display: none;\" autocomplete=\"on\" name=\"LanguageMenu_textid\" type=\"text\"\/> <span id=\"__LanguageMenu_header\" class=\"DDStyle\" tabindex=\"0\">English<\/span>&#13;\n<div style=\"position: relative; text-align: left; left: 0;\">&#13;\n<div style=\"position: absolute; ;left: 0px;\">&#13;\n<div id=\"__LanguageMenu_popup\" class=\"DDStyle\" style=\"display: none;\">&#13;\n<table id=\"LanguageMenu\" border=\"0\">&#13;\n<tbody>&#13;\n<tr>&#13;\n<td><a tabindex=\"-1\" href=\"#ar\">Arabic<\/a><\/td>&#13;\n<td><a tabindex=\"-1\" href=\"#he\">Hebrew<\/a><\/td>&#13;\n<td><a tabindex=\"-1\" href=\"#pl\">Polish<\/a><\/td>&#13;\n<\/tr>&#13;\n<tr>&#13;\n<td><a tabindex=\"-1\" href=\"#bg\">Bulgarian<\/a><\/td>&#13;\n<td><a tabindex=\"-1\" href=\"#hi\">Hindi<\/a><\/td>&#13;\n<td><a tabindex=\"-1\" href=\"#pt\">Portuguese<\/a><\/td>&#13;\n<\/tr>&#13;\n<tr>&#13;\n<td><a tabindex=\"-1\" href=\"#ca\">Catalan<\/a><\/td>&#13;\n<td><a tabindex=\"-1\" href=\"#mww\">Hmong Daw<\/a><\/td>&#13;\n<td><a tabindex=\"-1\" href=\"#ro\">Romanian<\/a><\/td>&#13;\n<\/tr>&#13;\n<tr>&#13;\n<td><a tabindex=\"-1\" href=\"#zh-CHS\">Chinese Simplified<\/a><\/td>&#13;\n<td><a tabindex=\"-1\" href=\"#hu\">Hungarian<\/a><\/td>&#13;\n<td><a tabindex=\"-1\" href=\"#ru\">Russian<\/a><\/td>&#13;\n<\/tr>&#13;\n<tr>&#13;\n<td><a tabindex=\"-1\" href=\"#zh-CHT\">Chinese Traditional<\/a><\/td>&#13;\n<td><a tabindex=\"-1\" href=\"#id\">Indonesian<\/a><\/td>&#13;\n<td><a tabindex=\"-1\" href=\"#sk\">Slovak<\/a><\/td>&#13;\n<\/tr>&#13;\n<tr>&#13;\n<td><a tabindex=\"-1\" href=\"#cs\">Czech<\/a><\/td>&#13;\n<td><a tabindex=\"-1\" href=\"#it\">Italian<\/a><\/td>&#13;\n<td><a tabindex=\"-1\" href=\"#sl\">Slovenian<\/a><\/td>&#13;\n<\/tr>&#13;\n<tr>&#13;\n<td><a tabindex=\"-1\" href=\"#da\">Danish<\/a><\/td>&#13;\n<td><a tabindex=\"-1\" href=\"#ja\">Japanese<\/a><\/td>&#13;\n<td><a tabindex=\"-1\" href=\"#es\">Spanish<\/a><\/td>&#13;\n<\/tr>&#13;\n<tr>&#13;\n<td><a tabindex=\"-1\" href=\"#nl\">Dutch<\/a><\/td>&#13;\n<td><a tabindex=\"-1\" href=\"#tlh\">Klingon<\/a><\/td>&#13;\n<td><a tabindex=\"-1\" href=\"#sv\">Swedish<\/a><\/td>&#13;\n<\/tr>&#13;\n<tr>&#13;\n<td><a tabindex=\"-1\" href=\"#en\">English<\/a><\/td>&#13;\n<td><a tabindex=\"-1\" href=\"#ko\">Korean<\/a><\/td>&#13;\n<td><a tabindex=\"-1\" href=\"#th\">Thai<\/a><\/td>&#13;\n<\/tr>&#13;\n<tr>&#13;\n<td><a tabindex=\"-1\" href=\"#et\">Estonian<\/a><\/td>&#13;\n<td><a tabindex=\"-1\" href=\"#lv\">Latvian<\/a><\/td>&#13;\n<td><a tabindex=\"-1\" href=\"#tr\">Turkish<\/a><\/td>&#13;\n<\/tr>&#13;\n<tr>&#13;\n<td><a tabindex=\"-1\" href=\"#fi\">Finnish<\/a><\/td>&#13;\n<td><a tabindex=\"-1\" href=\"#lt\">Lithuanian<\/a><\/td>&#13;\n<td><a tabindex=\"-1\" href=\"#uk\">Ukrainian<\/a><\/td>&#13;\n<\/tr>&#13;\n<tr>&#13;\n<td><a tabindex=\"-1\" href=\"#fr\">French<\/a><\/td>&#13;\n<td><a tabindex=\"-1\" href=\"#ms\">Malay<\/a><\/td>&#13;\n<td><a tabindex=\"-1\" href=\"#ur\">Urdu<\/a><\/td>&#13;\n<\/tr>&#13;\n<tr>&#13;\n<td><a tabindex=\"-1\" href=\"#de\">German<\/a><\/td>&#13;\n<td><a tabindex=\"-1\" href=\"#mt\">Maltese<\/a><\/td>&#13;\n<td><a tabindex=\"-1\" href=\"#vi\">Vietnamese<\/a><\/td>&#13;\n<\/tr>&#13;\n<tr>&#13;\n<td><a tabindex=\"-1\" href=\"#el\">Greek<\/a><\/td>&#13;\n<td><a tabindex=\"-1\" href=\"#no\">Norwegian<\/a><\/td>&#13;\n<td><a tabindex=\"-1\" href=\"#cy\">Welsh<\/a><\/td>&#13;\n<\/tr>&#13;\n<tr>&#13;\n<td><a tabindex=\"-1\" href=\"#ht\">Haitian Creole<\/a><\/td>&#13;\n<td><a tabindex=\"-1\" href=\"#fa\">Persian<\/a><\/td>&#13;\n<td><\/td>&#13;\n<\/tr>&#13;\n<\/tbody>&#13;\n<\/table>&#13;\n<img style=\"height: 7px; width: 17px; border-width: 0px; left: 20px;\" alt=\"\"\/><\/div>&#13;\n<\/div>&#13;\n<\/div>&#13;\n<\/div>&#13;\n<script type=\"text\/javascript\"> var LanguageMenu; var LanguageMenu_keys=[\"ar\",\"bg\",\"ca\",\"zh-CHS\",\"zh-CHT\",\"cs\",\"da\",\"nl\",\"en\",\"et\",\"fi\",\"fr\",\"de\",\"el\",\"ht\",\"he\",\"hi\",\"mww\",\"hu\",\"id\",\"it\",\"ja\",\"tlh\",\"ko\",\"lv\",\"lt\",\"ms\",\"mt\",\"no\",\"fa\",\"pl\",\"pt\",\"ro\",\"ru\",\"sk\",\"sl\",\"es\",\"sv\",\"th\",\"tr\",\"uk\",\"ur\",\"vi\",\"cy\"]; var LanguageMenu_values=[\"Arabic\",\"Bulgarian\",\"Catalan\",\"Chinese Simplified\",\"Chinese Traditional\",\"Czech\",\"Danish\",\"Dutch\",\"English\",\"Estonian\",\"Finnish\",\"French\",\"German\",\"Greek\",\"Haitian Creole\",\"Hebrew\",\"Hindi\",\"Hmong Daw\",\"Hungarian\",\"Indonesian\",\"Italian\",\"Japanese\",\"Klingon\",\"Korean\",\"Latvian\",\"Lithuanian\",\"Malay\",\"Maltese\",\"Norwegian\",\"Persian\",\"Polish\",\"Portuguese\",\"Romanian\",\"Russian\",\"Slovak\",\"Slovenian\",\"Spanish\",\"Swedish\",\"Thai\",\"Turkish\",\"Ukrainian\",\"Urdu\",\"Vietnamese\",\"Welsh\"]; var LanguageMenu_callback=function(){ }; var LanguageMenu_popupid='__LanguageMenu_popup'; <\/script><\/div>&#13;\n<div id=\"CTFLinksPanel\"><span id=\"ExternalLinksPanel\"><a id=\"HelpLink\" title=\"Help\" href=\"https:\/\/go.microsoft.com\/?linkid=9722454\" target=\"_blank\" rel=\"noopener\"> <img id=\"HelpImg\"\/><\/a> <a id=\"EmbedLink\" title=\"Get this widget for your own site\"><\/a> <img id=\"EmbedImg\"\/> <a id=\"ShareLink\" title=\"Share translated page with friends\"><\/a> <img id=\"ShareImg\"\/> <\/span><\/div>&#13;\n<div id=\"FloaterProgressBar\"><\/div>&#13;\n<\/div>&#13;\n<div id=\"WidgetFloaterCollapsed\" style=\"display: none;\">TRANSLATE with <img id=\"CollapsedLogoImg\"\/><\/div>&#13;\n<div id=\"FloaterSharePanel\" style=\"display: none;\">&#13;\n<div id=\"ShareTextDiv\"><span id=\"ShareTextSpan\"> COPY THE URL BELOW <\/span><\/div>&#13;\n<div id=\"ShareTextboxDiv\"><input id=\"ShareTextbox\" name=\"ShareTextbox\" readonly=\"readonly\" type=\"text\"\/> <!--a id=\"TwitterLink\" title=\"Share on Twitter\"> <img id=\"TwitterImg\" \/><\/a> <a-- id=\"FacebookLink\" title=\"Share on Facebook\"> <img id=\"FacebookImg\" \/><\/a--> <a id=\"EmailLink\" title=\"Email this translation\"><\/a> <img id=\"EmailImg\"\/><\/div>&#13;\n<div id=\"ShareFooter\"><span id=\"ShareHelpSpan\"><a id=\"ShareHelpLink\"><\/a> <img id=\"ShareHelpImg\"\/><\/span> <span id=\"ShareBackSpan\"><a id=\"ShareBack\" title=\"Back To Translation\"><\/a> Back<\/span><\/div>&#13;\n<input id=\"EmailSubject\" name=\"EmailSubject\" type=\"hidden\" value=\"Check out this page in {0} translated from {1}\"\/> <input id=\"EmailBody\" name=\"EmailBody\" type=\"hidden\" value=\"Translated: {0}%0d%0aOriginal: {1}%0d%0a%0d%0aAutomatic translation powered by Microsoft&#xAE; Translator%0d%0ahttp:\/\/www.bing.com\/translator?ref=MSTWidget\"\/> <input id=\"ShareHelpText\" type=\"hidden\" value=\"This link allows visitors to launch this page and automatically translate it to {0}.\"\/><\/div>&#13;\n<div id=\"FloaterEmbed\" style=\"display: none;\">&#13;\n<div id=\"EmbedTextDiv\"><span id=\"EmbedTextSpan\">EMBED THE SNIPPET BELOW IN YOUR SITE<\/span> <a id=\"EmbedHelpLink\" title=\"Copy this code and place it into your HTML.\"><\/a> <img id=\"EmbedHelpImg\"\/><\/div>&#13;\n<div id=\"EmbedTextboxDiv\"><input id=\"EmbedSnippetTextBox\" name=\"EmbedSnippetTextBox\" readonly=\"readonly\" type=\"text\" value=\"&lt;div id='MicrosoftTranslatorWidget' class='Dark' style='color:white;background-color:#555555'&gt;&lt;\/div&gt;&lt;script type='text\/javascript'&gt;setTimeout(function(){var s=document.createElement('script');s.type='text\/javascript';s.charset='UTF-8';s.src=((location &amp;&amp; location.href &amp;&amp; location.href.indexOf('https') == 0)?'https:\/\/ssl.microsofttranslator.com':'http:\/\/www.microsofttranslator.com')+'\/ajax\/v3\/WidgetV3.ashx?siteData=ueOIGRSKkd965FeEGM5JtQ**&amp;ctf=true&amp;ui=true&amp;settings=manual&amp;from=en';var p=document.getElementsByTagName('head')[0]||document.documentElement;p.insertBefore(s,p.firstChild); },0);&lt;\/script&gt;\"\/><\/div>&#13;\n<div id=\"EmbedNoticeDiv\"><span id=\"EmbedNoticeSpan\">Enable collaborative features and customize widget: <a href=\"http:\/\/www.bing.com\/widget\/translator\" target=\"_blank\" rel=\"noopener\">Bing Webmaster Portal<\/a><\/span><\/div>&#13;\n<div id=\"EmbedFooterDiv\"><span id=\"EmbedBackSpan\"><a title=\"Back To Translation\">Back<\/a><\/span><\/div>&#13;\n<\/div>&#13;\n<script type=\"text\/javascript\"> var intervalId = setInterval(function () { if (MtPopUpList) { LanguageMenu = new MtPopUpList(); var langMenu = document.getElementById(LanguageMenu_popupid); var origLangDiv = document.createElement(\"div\"); origLangDiv.id = \"OriginalLanguageDiv\"; origLangDiv.innerHTML = \"<span id='OriginalTextSpan'>ORIGINAL: <span id='OriginalLanguageSpan'>\"; langMenu.appendChild(origLangDiv); LanguageMenu.Init('LanguageMenu', LanguageMenu_keys, LanguageMenu_values, LanguageMenu_callback, LanguageMenu_popupid); window[\"LanguageMenu\"] = LanguageMenu; clearInterval(intervalId); } }, 1); <\/script><\/div><\/p>\n\n<ul class=\"wp-block-list\"><li><strong>Towarzystwo Spo\u0142eczno-Kulturalne Niemc\u00f3w na \u015al\u0105sku Opolskim<\/strong>\u00a0 <a href=\"http:\/\/www.tskn.vdg.pl\/\" target=\"_blank\" rel=\"noreferrer noopener\">www.tskn.vdg.pl<\/a><\/li><\/ul>\n\n<ul class=\"wp-block-list\"><li><strong>Konsulat Generalny Republiki Federalnej Niemiec we Wroc\u0142awiu<\/strong><\/li><\/ul>\n\n<p><\/p>\n","protected":false},"excerpt":{"rendered":"<p>Wir bedanken uns bei allen Organisationen, Institutionen, Privatpersonen, die bei dem Aufbau der Fotothek geholfen haben und uns auch weiterhin bei dem Ausbau und der Vergr\u00f6sserung unserer Sammlung unterst\u00fctzen.&#13; &#13; \u00a0&#13; &#13; \u00a0&#13; &#13; &#13; TRANSLATE with x &#13; &#13; English&#13; &#13; &#13; &#13; &#13; &#13; &#13; Arabic &#13; Hebrew &#13; Polish &#13; &#13; &#13; [&hellip;]<\/p>\n","protected":false},"author":1,"featured_media":0,"parent":0,"menu_order":0,"comment_status":"closed","ping_status":"closed","template":"","meta":{"_acf_changed":false,"footnotes":""},"class_list":["post-7162","page","type-page","status-publish","hentry"],"acf":[],"_links":{"self":[{"href":"https:\/\/fototekaslaska.pl\/de\/wp-json\/wp\/v2\/pages\/7162","targetHints":{"allow":["GET"]}}],"collection":[{"href":"https:\/\/fototekaslaska.pl\/de\/wp-json\/wp\/v2\/pages"}],"about":[{"href":"https:\/\/fototekaslaska.pl\/de\/wp-json\/wp\/v2\/types\/page"}],"author":[{"embeddable":true,"href":"https:\/\/fototekaslaska.pl\/de\/wp-json\/wp\/v2\/users\/1"}],"replies":[{"embeddable":true,"href":"https:\/\/fototekaslaska.pl\/de\/wp-json\/wp\/v2\/comments?post=7162"}],"version-history":[{"count":4,"href":"https:\/\/fototekaslaska.pl\/de\/wp-json\/wp\/v2\/pages\/7162\/revisions"}],"predecessor-version":[{"id":11118,"href":"https:\/\/fototekaslaska.pl\/de\/wp-json\/wp\/v2\/pages\/7162\/revisions\/11118"}],"wp:attachment":[{"href":"https:\/\/fototekaslaska.pl\/de\/wp-json\/wp\/v2\/media?parent=7162"}],"curies":[{"name":"wp","href":"https:\/\/api.w.org\/{rel}","templated":true}]}}