{"id":7169,"date":"2022-02-24T19:38:44","date_gmt":"2022-02-24T18:38:44","guid":{"rendered":"https:\/\/fototekaslaska.pl\/apel\/"},"modified":"2022-02-24T19:38:49","modified_gmt":"2022-02-24T18:38:49","slug":"apel","status":"publish","type":"page","link":"https:\/\/fototekaslaska.pl\/de\/apel\/","title":{"rendered":"Gestaltet mit uns die Fotothek&#8230;"},"content":{"rendered":"\n<p>Das Museum des Oppelner Dorfes in Oppeln ( Muzeum Wsi Opolskiej w Opolu ) sucht Fotographien, die vor 1945 auf dem Gebiet der Oppelner Schlesiens gemacht wurden, auf denen Dorfbewohner, Br\u00e4uche, H\u00e4user, \u00f6ffentliche Geb\u00e4ude und \u00e4hnliche Darstellungen abgebildet sind. Die Fotos werden die Sammlung der Fotothek vergr\u00f6ssern. Alle Personen, die bereit sind Fotos zur Verf\u00fcgung zu stellen, bitten wir sich bei uns zu melden.<\/p>\n\n<p><strong>FOTOTEKA \u015aL\u0104SKA<\/strong><br\/>&#13;\nMuzeum Wsi Opolskiej w Opolu<br\/>&#13;\nul. Wroc\u0142awska 174<br\/>&#13;\n45-835 OPOLE<br\/>&#13;\ntel\/fax (0-77) 457 23 49, 474 30 21<br\/>&#13;\ne-mail: <a href=\"mailto:info@fototekaslaska.pl\">info@fototekaslaska.pl<\/a>&#13;\n<\/p>\n","protected":false},"excerpt":{"rendered":"<p>Das Museum des Oppelner Dorfes in Oppeln ( Muzeum Wsi Opolskiej w Opolu ) sucht Fotographien, die vor 1945 auf dem Gebiet der Oppelner Schlesiens gemacht wurden, auf denen Dorfbewohner, Br\u00e4uche, H\u00e4user, \u00f6ffentliche Geb\u00e4ude und \u00e4hnliche Darstellungen abgebildet sind. Die Fotos werden die Sammlung der Fotothek vergr\u00f6ssern. Alle Personen, die bereit sind Fotos zur Verf\u00fcgung [&hellip;]<\/p>\n","protected":false},"author":2,"featured_media":0,"parent":0,"menu_order":0,"comment_status":"closed","ping_status":"closed","template":"","meta":{"_acf_changed":false,"footnotes":""},"class_list":["post-7169","page","type-page","status-publish","hentry"],"acf":[],"_links":{"self":[{"href":"https:\/\/fototekaslaska.pl\/de\/wp-json\/wp\/v2\/pages\/7169","targetHints":{"allow":["GET"]}}],"collection":[{"href":"https:\/\/fototekaslaska.pl\/de\/wp-json\/wp\/v2\/pages"}],"about":[{"href":"https:\/\/fototekaslaska.pl\/de\/wp-json\/wp\/v2\/types\/page"}],"author":[{"embeddable":true,"href":"https:\/\/fototekaslaska.pl\/de\/wp-json\/wp\/v2\/users\/2"}],"replies":[{"embeddable":true,"href":"https:\/\/fototekaslaska.pl\/de\/wp-json\/wp\/v2\/comments?post=7169"}],"version-history":[{"count":3,"href":"https:\/\/fototekaslaska.pl\/de\/wp-json\/wp\/v2\/pages\/7169\/revisions"}],"predecessor-version":[{"id":7172,"href":"https:\/\/fototekaslaska.pl\/de\/wp-json\/wp\/v2\/pages\/7169\/revisions\/7172"}],"wp:attachment":[{"href":"https:\/\/fototekaslaska.pl\/de\/wp-json\/wp\/v2\/media?parent=7169"}],"curies":[{"name":"wp","href":"https:\/\/api.w.org\/{rel}","templated":true}]}}